{"id":988537,"date":"2025-03-28T07:45:27","date_gmt":"2025-03-28T07:45:27","guid":{"rendered":"https:\/\/quoxis.com\/thanh-vien\/"},"modified":"2026-04-29T09:08:00","modified_gmt":"2026-04-29T09:08:00","slug":"thanh-vien","status":"publish","type":"page","link":"https:\/\/quoxis.com\/vi\/thanh-vien\/","title":{"rendered":"Th\u00e0nh vi\u00ean"},"content":{"rendered":"\t\t<div data-elementor-type=\"wp-page\" data-elementor-id=\"988537\" class=\"elementor elementor-988537 elementor-260\" data-elementor-post-type=\"page\">\n\t\t\t\t<div class=\"elementor-element elementor-element-911e5f0 e-flex e-con-boxed e-con e-parent\" data-id=\"911e5f0\" data-element_type=\"container\">\n\t\t\t\t\t<div class=\"e-con-inner\">\n\t\t\t\t<div class=\"elementor-element elementor-element-0ed97ad elementor-grid-2 elementor-grid-tablet-2 elementor-grid-mobile-1 elementor-widget elementor-widget-loop-grid\" data-id=\"0ed97ad\" data-element_type=\"widget\" data-settings=\"{&quot;template_id&quot;:988563,&quot;columns&quot;:2,&quot;pagination_type&quot;:&quot;load_more_on_click&quot;,&quot;row_gap&quot;:{&quot;unit&quot;:&quot;px&quot;,&quot;size&quot;:20,&quot;sizes&quot;:[]},&quot;columns_tablet&quot;:2,&quot;row_gap_tablet&quot;:{&quot;unit&quot;:&quot;px&quot;,&quot;size&quot;:20,&quot;sizes&quot;:[]},&quot;_skin&quot;:&quot;post&quot;,&quot;columns_mobile&quot;:&quot;1&quot;,&quot;edit_handle_selector&quot;:&quot;[data-elementor-type=\\&quot;loop-item\\&quot;]&quot;,&quot;load_more_spinner&quot;:{&quot;value&quot;:&quot;fas fa-spinner&quot;,&quot;library&quot;:&quot;fa-solid&quot;},&quot;row_gap_mobile&quot;:{&quot;unit&quot;:&quot;px&quot;,&quot;size&quot;:&quot;&quot;,&quot;sizes&quot;:[]}}\" data-widget_type=\"loop-grid.post\">\n\t\t\t\t<div class=\"elementor-widget-container\">\n\t\t\t\t\t\t\t<div class=\"elementor-loop-container elementor-grid\">\n\t\t<style id=\"loop-dynamic-988563\">.e-loop-item-988530 .elementor-element.elementor-element-a51fd27:not(.elementor-motion-effects-element-type-background), .e-loop-item-988530 .elementor-element.elementor-element-a51fd27 > .elementor-motion-effects-container > .elementor-motion-effects-layer{background-image:url(\"https:\/\/quoxis.com\/wp-content\/uploads\/2025\/03\/EA.png\");}<\/style><style id=\"loop-988563\">.elementor-988563 .elementor-element.elementor-element-0a8606f{--display:flex;--flex-direction:row;--container-widget-width:calc( ( 1 - var( --container-widget-flex-grow ) ) * 100% );--container-widget-height:100%;--container-widget-flex-grow:1;--container-widget-align-self:stretch;--flex-wrap-mobile:wrap;--align-items:stretch;--gap:25px 25px;--row-gap:25px;--column-gap:25px;--background-transition:0.3s;border-style:solid;--border-style:solid;border-width:0.5px 0.5px 0.5px 0.5px;--border-top-width:0.5px;--border-right-width:0.5px;--border-bottom-width:0.5px;--border-left-width:0.5px;border-color:var( --e-global-color-vamtam_accent_7 );--border-color:var( --e-global-color-vamtam_accent_7 );--border-radius:10px 10px 10px 10px;--padding-top:25px;--padding-bottom:25px;--padding-left:25px;--padding-right:25px;}.elementor-988563 .elementor-element.elementor-element-0a8606f:not(.elementor-motion-effects-element-type-background), .elementor-988563 .elementor-element.elementor-element-0a8606f > .elementor-motion-effects-container > .elementor-motion-effects-layer{background-color:var( --e-global-color-vamtam_accent_5 );}.elementor-988563 .elementor-element.elementor-element-0a8606f:hover{background-color:var( --e-global-color-vamtam_accent_3 );}.elementor-988563 .elementor-element.elementor-element-a51fd27{--display:flex;--min-height:410px;--justify-content:flex-end;--gap:0px 0px;--row-gap:0px;--column-gap:0px;--border-radius:10px 10px 10px 10px;--padding-top:0px;--padding-bottom:0px;--padding-left:0px;--padding-right:0px;}.elementor-988563 .elementor-element.elementor-element-a51fd27:not(.elementor-motion-effects-element-type-background), .elementor-988563 .elementor-element.elementor-element-a51fd27 > .elementor-motion-effects-container > .elementor-motion-effects-layer{background-position:center center;background-repeat:no-repeat;background-size:cover;}.elementor-988563 .elementor-element.elementor-element-b963c6e{--display:flex;--flex-direction:column;--container-widget-width:calc( ( 1 - var( --container-widget-flex-grow ) ) * 100% );--container-widget-height:initial;--container-widget-flex-grow:0;--container-widget-align-self:initial;--flex-wrap-mobile:wrap;--justify-content:space-between;--align-items:flex-start;--padding-top:0px;--padding-bottom:0px;--padding-left:0px;--padding-right:0px;}.elementor-988563 .elementor-element.elementor-element-05d6cfa{text-align:left;}.elementor-988563 .elementor-element.elementor-element-05d6cfa .elementor-heading-title{font-family:var( --e-global-typography-vamtam_h4-font-family ), Sans-serif;font-size:var( --e-global-typography-vamtam_h4-font-size );font-weight:var( --e-global-typography-vamtam_h4-font-weight );line-height:var( --e-global-typography-vamtam_h4-line-height );color:var( --e-global-color-vamtam_accent_6 );}.elementor-988563 .elementor-element.elementor-element-05d6cfa .elementor-heading-title a:hover, .elementor-988563 .elementor-element.elementor-element-05d6cfa .elementor-heading-title a:focus{color:var( --e-global-color-vamtam_accent_1 );}.elementor-988563 .elementor-element.elementor-element-6f295ba .elementor-widget-container{color:var( --e-global-color-597ed21 );font-family:var( --e-global-typography-vamtam_primary_font-font-family ), Sans-serif;font-size:var( --e-global-typography-vamtam_primary_font-font-size );font-weight:var( --e-global-typography-vamtam_primary_font-font-weight );line-height:var( --e-global-typography-vamtam_primary_font-line-height );}@media(max-width:1024px){.elementor-988563 .elementor-element.elementor-element-0a8606f{--flex-direction:column;--container-widget-width:100%;--container-widget-height:initial;--container-widget-flex-grow:0;--container-widget-align-self:initial;--flex-wrap-mobile:wrap;--gap:15px 15px;--row-gap:15px;--column-gap:15px;--padding-top:20px;--padding-bottom:20px;--padding-left:20px;--padding-right:20px;}.elementor-988563 .elementor-element.elementor-element-b963c6e{--gap:15px 15px;--row-gap:15px;--column-gap:15px;--margin-top:0px;--margin-bottom:0px;--margin-left:0px;--margin-right:0px;}.elementor-988563 .elementor-element.elementor-element-05d6cfa .elementor-heading-title{font-size:var( --e-global-typography-vamtam_h4-font-size );line-height:var( --e-global-typography-vamtam_h4-line-height );}.elementor-988563 .elementor-element.elementor-element-6f295ba > .elementor-widget-container{margin:-0.3em 0em 0em 0em;}.elementor-988563 .elementor-element.elementor-element-6f295ba .elementor-widget-container{font-size:var( --e-global-typography-vamtam_primary_font-font-size );line-height:var( --e-global-typography-vamtam_primary_font-line-height );}}@media(max-width:767px){.elementor-988563 .elementor-element.elementor-element-0a8606f{--gap:15px 15px;--row-gap:15px;--column-gap:15px;}.elementor-988563 .elementor-element.elementor-element-a51fd27{--min-height:110vw;--border-radius:8px 8px 8px 8px;}.elementor-988563 .elementor-element.elementor-element-b963c6e{--gap:10px 10px;--row-gap:10px;--column-gap:10px;--margin-top:0px;--margin-bottom:0px;--margin-left:0px;--margin-right:0px;}.elementor-988563 .elementor-element.elementor-element-05d6cfa .elementor-heading-title{font-size:var( --e-global-typography-vamtam_h4-font-size );line-height:var( --e-global-typography-vamtam_h4-line-height );}.elementor-988563 .elementor-element.elementor-element-6f295ba .elementor-widget-container{font-size:var( --e-global-typography-vamtam_primary_font-font-size );line-height:var( --e-global-typography-vamtam_primary_font-line-height );}}@media(min-width:768px){.elementor-988563 .elementor-element.elementor-element-a51fd27{--width:50%;}.elementor-988563 .elementor-element.elementor-element-b963c6e{--width:50%;}}@media(max-width:1024px) and (min-width:768px){.elementor-988563 .elementor-element.elementor-element-a51fd27{--width:100%;}.elementor-988563 .elementor-element.elementor-element-b963c6e{--width:100%;}}<\/style>\t\t<div data-elementor-type=\"loop-item\" data-elementor-id=\"988563\" class=\"elementor elementor-988563 elementor-9230 elementor-9230 e-loop-item e-loop-item-988530 post-988530 post type-post status-publish format-standard has-post-thumbnail hentry category-thanh-vien\" data-elementor-post-type=\"elementor_library\" data-custom-edit-handle=\"1\">\n\t\t\t<div class=\"elementor-element elementor-element-0a8606f animated-fast e-flex e-con-boxed e-con e-parent\" data-id=\"0a8606f\" data-element_type=\"container\" data-settings=\"{&quot;animation&quot;:&quot;none&quot;,&quot;animation_delay&quot;:100,&quot;background_background&quot;:&quot;classic&quot;}\">\n\t\t\t\t\t<div class=\"e-con-inner\">\n\t\t<a class=\"elementor-element elementor-element-a51fd27 e-con-full e-flex e-con e-child\" data-id=\"a51fd27\" data-element_type=\"container\" data-settings=\"{&quot;background_background&quot;:&quot;classic&quot;}\" href=\"https:\/\/quoxis.com\/vi\/eaera\/\">\n\t\t\t\t<\/a>\n\t\t<div class=\"elementor-element elementor-element-b963c6e e-con-full e-flex e-con e-child\" data-id=\"b963c6e\" data-element_type=\"container\">\n\t\t\t\t<div class=\"elementor-element elementor-element-05d6cfa elementor-widget elementor-widget-theme-post-title elementor-page-title elementor-widget-heading\" data-id=\"05d6cfa\" data-element_type=\"widget\" data-widget_type=\"theme-post-title.default\">\n\t\t\t\t<div class=\"elementor-widget-container\">\n\t\t\t\t\t<h5 class=\"elementor-heading-title elementor-size-default\"><a href=\"https:\/\/quoxis.com\/vi\/eaera\/\">EAERA<\/a><\/h5>\t\t\t\t<\/div>\n\t\t\t\t<\/div>\n\t\t\t\t<div class=\"elementor-element elementor-element-6f295ba elementor-widget elementor-widget-theme-post-excerpt\" data-id=\"6f295ba\" data-element_type=\"widget\" data-widget_type=\"theme-post-excerpt.default\">\n\t\t\t\t<div class=\"elementor-widget-container\">\n\t\t\t\t\tEAERA ph\u00e1t tri\u1ec3n c\u00e1c gi\u1ea3i ph\u00e1p ph\u1ea7n m\u1ec1m t\u00e0i ch\u00ednh ti\u00ean ti\u1ebfn, bao g\u1ed3m c\u00e1c n\u1ec1n t\u1ea3ng CRM n\u00e2ng cao, \u1ee9ng d\u1ee5ng ph\u00e2n t\u00edch d\u1eef li\u1ec7u v\u00e0 h\u1ec7 th\u1ed1ng t\u1ef1 \u0111\u1ed9ng h\u00f3a th\u00f4ng minh. B\u1eb1ng c\u00e1ch t\u00edch h\u1ee3p c\u00e1c th\u00f4ng tin chuy\u00ean s\u00e2u d\u1ef1a tr\u00ean AI, m\u00f4 h\u00ecnh d\u1ef1 b\u00e1o v\u00e0 x\u1eed l\u00fd d\u1eef li\u1ec7u th\u1eddi gian th\u1ef1c, EAERA trao quy\u1ec1n cho c\u00e1c t\u1ed5 ch\u1ee9c \u0111\u01b0a ra quy\u1ebft \u0111\u1ecbnh nhanh h\u01a1n, s\u00e1ng su\u1ed1t h\u01a1n, \u0111\u1ed3ng th\u1eddi c\u1ea3i thi\u1ec7n \u0111\u00e1ng k\u1ec3 hi\u1ec7u qu\u1ea3 v\u1eadn h\u00e0nh v\u00e0 kh\u1ea3 n\u0103ng m\u1edf r\u1ed9ng trong c\u00e1c ho\u1ea1t \u0111\u1ed9ng t\u00e0i ch\u00ednh c\u1ee7a h\u1ecd. \t\t\t\t<\/div>\n\t\t\t\t<\/div>\n\t\t\t\t<\/div>\n\t\t\t\t\t<\/div>\n\t\t\t\t<\/div>\n\t\t\t\t<\/div>\n\t\t<style id=\"loop-dynamic-988563\">.e-loop-item-988533 .elementor-element.elementor-element-a51fd27:not(.elementor-motion-effects-element-type-background), .e-loop-item-988533 .elementor-element.elementor-element-a51fd27 > .elementor-motion-effects-container > .elementor-motion-effects-layer{background-image:url(\"https:\/\/quoxis.com\/wp-content\/uploads\/2025\/03\/Triplayz-1.png\");}<\/style>\t\t<div data-elementor-type=\"loop-item\" data-elementor-id=\"988563\" class=\"elementor elementor-988563 elementor-9230 elementor-9230 e-loop-item e-loop-item-988533 post-988533 post type-post status-publish format-standard has-post-thumbnail hentry category-thanh-vien\" data-elementor-post-type=\"elementor_library\" data-custom-edit-handle=\"1\">\n\t\t\t<div class=\"elementor-element elementor-element-0a8606f animated-fast e-flex e-con-boxed e-con e-parent\" data-id=\"0a8606f\" data-element_type=\"container\" data-settings=\"{&quot;animation&quot;:&quot;none&quot;,&quot;animation_delay&quot;:100,&quot;background_background&quot;:&quot;classic&quot;}\">\n\t\t\t\t\t<div class=\"e-con-inner\">\n\t\t<a class=\"elementor-element elementor-element-a51fd27 e-con-full e-flex e-con e-child\" data-id=\"a51fd27\" data-element_type=\"container\" data-settings=\"{&quot;background_background&quot;:&quot;classic&quot;}\" href=\"https:\/\/quoxis.com\/vi\/triplayz\/\">\n\t\t\t\t<\/a>\n\t\t<div class=\"elementor-element elementor-element-b963c6e e-con-full e-flex e-con e-child\" data-id=\"b963c6e\" data-element_type=\"container\">\n\t\t\t\t<div class=\"elementor-element elementor-element-05d6cfa elementor-widget elementor-widget-theme-post-title elementor-page-title elementor-widget-heading\" data-id=\"05d6cfa\" data-element_type=\"widget\" data-widget_type=\"theme-post-title.default\">\n\t\t\t\t<div class=\"elementor-widget-container\">\n\t\t\t\t\t<h5 class=\"elementor-heading-title elementor-size-default\"><a href=\"https:\/\/quoxis.com\/vi\/triplayz\/\">TriplayZ<\/a><\/h5>\t\t\t\t<\/div>\n\t\t\t\t<\/div>\n\t\t\t\t<div class=\"elementor-element elementor-element-6f295ba elementor-widget elementor-widget-theme-post-excerpt\" data-id=\"6f295ba\" data-element_type=\"widget\" data-widget_type=\"theme-post-excerpt.default\">\n\t\t\t\t<div class=\"elementor-widget-container\">\n\t\t\t\t\tTriplayz x\u00e2y d\u1ef1ng c\u00e1c n\u1ec1n t\u1ea3ng tr\u1ea3i nghi\u1ec7m fintech v\u00e0 t\u01b0\u01a1ng t\u00e1c th\u1ebf h\u1ec7 m\u1edbi gi\u00fap c\u00e1c doanh nghi\u1ec7p t\u0103ng t\u1ef7 l\u1ec7 gi\u1eef ch\u00e2n ng\u01b0\u1eddi d\u00f9ng, c\u1ee7ng c\u1ed1 l\u00f2ng trung th\u00e0nh v\u00e0 th\u00fac \u0111\u1ea9y t\u0103ng tr\u01b0\u1edfng k\u1ef9 thu\u1eadt s\u1ed1. L\u00e0 chuy\u00ean gia v\u1ec1 c\u00f4ng ngh\u1ec7 t\u01b0\u01a1ng t\u00e1c v\u00e0 tr\u00f2 ch\u01a1i h\u00f3a (gamification) trong h\u1ec7 sinh th\u00e1i Quoxis, Triplayz gi\u00fap c\u00e1c doanh nghi\u1ec7p tr\u1ef1c tuy\u1ebfn l\u1edbn t\u1ea1o ra c\u00e1c m\u1ed1i quan h\u1ec7 s\u00e2u s\u1eafc v\u00e0 n\u0103ng \u0111\u1ed9ng h\u01a1n v\u1edbi ng\u01b0\u1eddi d\u00f9ng c\u1ee7a h\u1ecd. \t\t\t\t<\/div>\n\t\t\t\t<\/div>\n\t\t\t\t<\/div>\n\t\t\t\t\t<\/div>\n\t\t\t\t<\/div>\n\t\t\t\t<\/div>\n\t\t<style id=\"loop-dynamic-988563\">.e-loop-item-988538 .elementor-element.elementor-element-a51fd27:not(.elementor-motion-effects-element-type-background), .e-loop-item-988538 .elementor-element.elementor-element-a51fd27 > .elementor-motion-effects-container > .elementor-motion-effects-layer{background-image:url(\"https:\/\/quoxis.com\/wp-content\/uploads\/2025\/03\/WC-1.png\");}<\/style>\t\t<div data-elementor-type=\"loop-item\" data-elementor-id=\"988563\" class=\"elementor elementor-988563 elementor-9230 elementor-9230 e-loop-item e-loop-item-988538 post-988538 post type-post status-publish format-standard has-post-thumbnail hentry category-thanh-vien\" data-elementor-post-type=\"elementor_library\" data-custom-edit-handle=\"1\">\n\t\t\t<div class=\"elementor-element elementor-element-0a8606f animated-fast e-flex e-con-boxed e-con e-parent\" data-id=\"0a8606f\" data-element_type=\"container\" data-settings=\"{&quot;animation&quot;:&quot;none&quot;,&quot;animation_delay&quot;:100,&quot;background_background&quot;:&quot;classic&quot;}\">\n\t\t\t\t\t<div class=\"e-con-inner\">\n\t\t<a class=\"elementor-element elementor-element-a51fd27 e-con-full e-flex e-con e-child\" data-id=\"a51fd27\" data-element_type=\"container\" data-settings=\"{&quot;background_background&quot;:&quot;classic&quot;}\" href=\"https:\/\/quoxis.com\/vi\/wecozy\/\">\n\t\t\t\t<\/a>\n\t\t<div class=\"elementor-element elementor-element-b963c6e e-con-full e-flex e-con e-child\" data-id=\"b963c6e\" data-element_type=\"container\">\n\t\t\t\t<div class=\"elementor-element elementor-element-05d6cfa elementor-widget elementor-widget-theme-post-title elementor-page-title elementor-widget-heading\" data-id=\"05d6cfa\" data-element_type=\"widget\" data-widget_type=\"theme-post-title.default\">\n\t\t\t\t<div class=\"elementor-widget-container\">\n\t\t\t\t\t<h5 class=\"elementor-heading-title elementor-size-default\"><a href=\"https:\/\/quoxis.com\/vi\/wecozy\/\">Wecozy<\/a><\/h5>\t\t\t\t<\/div>\n\t\t\t\t<\/div>\n\t\t\t\t<div class=\"elementor-element elementor-element-6f295ba elementor-widget elementor-widget-theme-post-excerpt\" data-id=\"6f295ba\" data-element_type=\"widget\" data-widget_type=\"theme-post-excerpt.default\">\n\t\t\t\t<div class=\"elementor-widget-container\">\n\t\t\t\t\tWecozy cung c\u1ea5p c\u00e1c gi\u1ea3i ph\u00e1p qu\u1ea3n l\u00fd kh\u00e1ch s\u1ea1n hi\u1ec7n \u0111\u1ea1i, gi\u00fap chuy\u1ec3n \u0111\u1ed5i ho\u1ea1t \u0111\u1ed9ng v\u1eadn h\u00e0nh kh\u00e1ch s\u1ea1n v\u1edbi s\u1ef1 nh\u1ea5t qu\u00e1n, hi\u1ec7u qu\u1ea3 v\u00e0 ch\u1ea5t l\u01b0\u1ee3ng tr\u1ea3i nghi\u1ec7m kh\u00e1ch h\u00e0ng v\u01b0\u1ee3t tr\u1ed9i. L\u00e0 c\u00f4ng ty phi c\u00f4ng ngh\u1ec7 duy nh\u1ea5t trong h\u1ec7 sinh th\u00e1i Quoxis. \t\t\t\t<\/div>\n\t\t\t\t<\/div>\n\t\t\t\t<\/div>\n\t\t\t\t\t<\/div>\n\t\t\t\t<\/div>\n\t\t\t\t<\/div>\n\t\t<style id=\"loop-dynamic-988563\">.e-loop-item-988514 .elementor-element.elementor-element-a51fd27:not(.elementor-motion-effects-element-type-background), .e-loop-item-988514 .elementor-element.elementor-element-a51fd27 > .elementor-motion-effects-container > .elementor-motion-effects-layer{background-image:url(\"https:\/\/quoxis.com\/wp-content\/uploads\/2026\/04\/Zero.png\");}<\/style>\t\t<div data-elementor-type=\"loop-item\" data-elementor-id=\"988563\" class=\"elementor elementor-988563 elementor-9230 elementor-9230 e-loop-item e-loop-item-988514 post-988514 post type-post status-publish format-standard has-post-thumbnail hentry category-thanh-vien\" data-elementor-post-type=\"elementor_library\" data-custom-edit-handle=\"1\">\n\t\t\t<div class=\"elementor-element elementor-element-0a8606f animated-fast e-flex e-con-boxed e-con e-parent\" data-id=\"0a8606f\" data-element_type=\"container\" data-settings=\"{&quot;animation&quot;:&quot;none&quot;,&quot;animation_delay&quot;:100,&quot;background_background&quot;:&quot;classic&quot;}\">\n\t\t\t\t\t<div class=\"e-con-inner\">\n\t\t<a class=\"elementor-element elementor-element-a51fd27 e-con-full e-flex e-con e-child\" data-id=\"a51fd27\" data-element_type=\"container\" data-settings=\"{&quot;background_background&quot;:&quot;classic&quot;}\" href=\"https:\/\/quoxis.com\/vi\/zero-gallery\/\">\n\t\t\t\t<\/a>\n\t\t<div class=\"elementor-element elementor-element-b963c6e e-con-full e-flex e-con e-child\" data-id=\"b963c6e\" data-element_type=\"container\">\n\t\t\t\t<div class=\"elementor-element elementor-element-05d6cfa elementor-widget elementor-widget-theme-post-title elementor-page-title elementor-widget-heading\" data-id=\"05d6cfa\" data-element_type=\"widget\" data-widget_type=\"theme-post-title.default\">\n\t\t\t\t<div class=\"elementor-widget-container\">\n\t\t\t\t\t<h5 class=\"elementor-heading-title elementor-size-default\"><a href=\"https:\/\/quoxis.com\/vi\/zero-gallery\/\">Zero Gallery<\/a><\/h5>\t\t\t\t<\/div>\n\t\t\t\t<\/div>\n\t\t\t\t<div class=\"elementor-element elementor-element-6f295ba elementor-widget elementor-widget-theme-post-excerpt\" data-id=\"6f295ba\" data-element_type=\"widget\" data-widget_type=\"theme-post-excerpt.default\">\n\t\t\t\t<div class=\"elementor-widget-container\">\n\t\t\t\t\tH\u1ea7u h\u1ebft c\u00e1c agency ch\u1ec9 b\u00e0n giao \u00fd t\u01b0\u1edfng r\u1ed3i bi\u1ebfn m\u1ea5t. Ch\u00fang t\u00f4i \u0111\u1ed3ng h\u00e0nh c\u00f9ng b\u1ea1n. Zero Gallery k\u1ebft h\u1ee3p chi\u1ebfn l\u01b0\u1ee3c, ngh\u1ec7 thu\u1eadt k\u1ec3 chuy\u1ec7n, thi\u1ebft k\u1ebf kh\u00f4ng gian v\u00e0 c\u00f4ng ngh\u1ec7 v\u1eadt l\u00fd - k\u1ef9 thu\u1eadt s\u1ed1 d\u01b0\u1edbi m\u1ed9t m\u00e1i nh\u00e0, x\u00f3a b\u1ecf kho\u1ea3ng c\u00e1ch gi\u1eefa \u00fd t\u01b0\u1edfng v\u00e0 th\u1ef1c thi. Kh\u00f4ng chuy\u1ec3n giao r\u1eddi r\u1ea1c. Kh\u00f4ng ho\u1ea1t \u0111\u1ed9ng ri\u00eang r\u1ebd. Ch\u1ec9 m\u1ed9t \u0111\u1ed9i ng\u0169 duy nh\u1ea5t, ch\u1ecbu tr\u00e1ch nhi\u1ec7m t\u1eeb cu\u1ed9c \u0111\u1ed1i tho\u1ea1i \u0111\u1ea7u ti\u00ean \u0111\u1ebfn kh\u00e2u l\u1eafp \u0111\u1eb7t cu\u1ed1i c\u00f9ng.\t\t\t\t<\/div>\n\t\t\t\t<\/div>\n\t\t\t\t<\/div>\n\t\t\t\t\t<\/div>\n\t\t\t\t<\/div>\n\t\t\t\t<\/div>\n\t\t<style id=\"loop-dynamic-988563\">.e-loop-item-988522 .elementor-element.elementor-element-a51fd27:not(.elementor-motion-effects-element-type-background), .e-loop-item-988522 .elementor-element.elementor-element-a51fd27 > .elementor-motion-effects-container > .elementor-motion-effects-layer{background-image:url(\"https:\/\/quoxis.com\/wp-content\/uploads\/2024\/10\/GC.png\");}<\/style>\t\t<div data-elementor-type=\"loop-item\" data-elementor-id=\"988563\" class=\"elementor elementor-988563 elementor-9230 elementor-9230 e-loop-item e-loop-item-988522 post-988522 post type-post status-publish format-standard has-post-thumbnail hentry category-thanh-vien\" data-elementor-post-type=\"elementor_library\" data-custom-edit-handle=\"1\">\n\t\t\t<div class=\"elementor-element elementor-element-0a8606f animated-fast e-flex e-con-boxed e-con e-parent\" data-id=\"0a8606f\" data-element_type=\"container\" data-settings=\"{&quot;animation&quot;:&quot;none&quot;,&quot;animation_delay&quot;:100,&quot;background_background&quot;:&quot;classic&quot;}\">\n\t\t\t\t\t<div class=\"e-con-inner\">\n\t\t<a class=\"elementor-element elementor-element-a51fd27 e-con-full e-flex e-con e-child\" data-id=\"a51fd27\" data-element_type=\"container\" data-settings=\"{&quot;background_background&quot;:&quot;classic&quot;}\" href=\"https:\/\/quoxis.com\/vi\/globalciti-doi-tac\/\">\n\t\t\t\t<\/a>\n\t\t<div class=\"elementor-element elementor-element-b963c6e e-con-full e-flex e-con e-child\" data-id=\"b963c6e\" data-element_type=\"container\">\n\t\t\t\t<div class=\"elementor-element elementor-element-05d6cfa elementor-widget elementor-widget-theme-post-title elementor-page-title elementor-widget-heading\" data-id=\"05d6cfa\" data-element_type=\"widget\" data-widget_type=\"theme-post-title.default\">\n\t\t\t\t<div class=\"elementor-widget-container\">\n\t\t\t\t\t<h5 class=\"elementor-heading-title elementor-size-default\"><a href=\"https:\/\/quoxis.com\/vi\/globalciti-doi-tac\/\">GLOBALCITI &amp; \u0110\u1ed0I T\u00c1C<\/a><\/h5>\t\t\t\t<\/div>\n\t\t\t\t<\/div>\n\t\t\t\t<div class=\"elementor-element elementor-element-6f295ba elementor-widget elementor-widget-theme-post-excerpt\" data-id=\"6f295ba\" data-element_type=\"widget\" data-widget_type=\"theme-post-excerpt.default\">\n\t\t\t\t<div class=\"elementor-widget-container\">\n\t\t\t\t\tGlobalCiti cung c\u1ea5p c\u00e1c gi\u1ea3i ph\u00e1p t\u01b0 v\u1ea5n ph\u00e1p l\u00fd v\u00e0 di tr\u00fa to\u00e0n c\u1ea7u \u0111\u1eb3ng c\u1ea5p th\u1ebf gi\u1edbi, gi\u00fap c\u00e1c c\u00e1 nh\u00e2n, gia \u0111\u00ecnh v\u00e0 doanh nghi\u1ec7p \u0111\u1ecbnh h\u01b0\u1edbng c\u00e1c quy \u0111\u1ecbnh qu\u1ed1c t\u1ebf m\u1ed9t c\u00e1ch r\u00f5 r\u00e0ng v\u00e0 t\u1ef1 tin. Chuy\u00ean m\u00f4n c\u1ee7a ch\u00fang t\u00f4i mang l\u1ea1i s\u1ef1 h\u01b0\u1edbng d\u1eabn c\u00f3 c\u1ea5u tr\u00fac m\u00e0 kh\u00e1ch h\u00e0ng c\u1ea7n \u0111\u1ec3 t\u00e1i \u0111\u1ecbnh c\u01b0, \u0111\u1ea7u t\u01b0 v\u00e0 ho\u1ea1t \u0111\u1ed9ng xuy\u00ean bi\u00ean gi\u1edbi m\u1ed9t c\u00e1ch an to\u00e0n v\u00e0 chi\u1ebfn l\u01b0\u1ee3c. \t\t\t\t<\/div>\n\t\t\t\t<\/div>\n\t\t\t\t<\/div>\n\t\t\t\t\t<\/div>\n\t\t\t\t<\/div>\n\t\t\t\t<\/div>\n\t\t\t\t<\/div>\n\t\t\t\t\t<span class=\"e-load-more-spinner\">\n\t\t\t\t<i aria-hidden=\"true\" class=\"fas fa-spinner\"><\/i>\t\t\t<\/span>\n\t\t\n\t\t\t\t\t\t<\/div>\n\t\t\t\t<\/div>\n\t\t\t\t\t<\/div>\n\t\t\t\t<\/div>\n\t\t\t\t<\/div>\n\t\t","protected":false},"excerpt":{"rendered":"<p>Nh\u1eefng th\u00e0nh vi\u00ean hi\u1ec7n th\u00e2n v\u00e0 th\u00fac \u0111\u1ea9y tinh th\u1ea7n c\u1ee7a Quoxis.<\/p>\n","protected":false},"author":1,"featured_media":0,"parent":0,"menu_order":0,"comment_status":"closed","ping_status":"closed","template":"","meta":{"footnotes":""},"class_list":["post-988537","page","type-page","status-publish","hentry"],"_links":{"self":[{"href":"https:\/\/quoxis.com\/vi\/wp-json\/wp\/v2\/pages\/988537","targetHints":{"allow":["GET"]}}],"collection":[{"href":"https:\/\/quoxis.com\/vi\/wp-json\/wp\/v2\/pages"}],"about":[{"href":"https:\/\/quoxis.com\/vi\/wp-json\/wp\/v2\/types\/page"}],"author":[{"embeddable":true,"href":"https:\/\/quoxis.com\/vi\/wp-json\/wp\/v2\/users\/1"}],"replies":[{"embeddable":true,"href":"https:\/\/quoxis.com\/vi\/wp-json\/wp\/v2\/comments?post=988537"}],"version-history":[{"count":1,"href":"https:\/\/quoxis.com\/vi\/wp-json\/wp\/v2\/pages\/988537\/revisions"}],"predecessor-version":[{"id":988541,"href":"https:\/\/quoxis.com\/vi\/wp-json\/wp\/v2\/pages\/988537\/revisions\/988541"}],"wp:attachment":[{"href":"https:\/\/quoxis.com\/vi\/wp-json\/wp\/v2\/media?parent=988537"}],"curies":[{"name":"wp","href":"https:\/\/api.w.org\/{rel}","templated":true}]}}