{"id":988722,"date":"2025-03-19T21:50:32","date_gmt":"2025-03-19T21:50:32","guid":{"rendered":"https:\/\/quoxis.com\/chinh-sach-bao-mat\/"},"modified":"2026-04-29T10:45:13","modified_gmt":"2026-04-29T10:45:13","slug":"chinh-sach-bao-mat","status":"publish","type":"page","link":"https:\/\/quoxis.com\/vi\/chinh-sach-bao-mat\/","title":{"rendered":"Ch\u00ednh s\u00e1ch b\u1ea3o m\u1eadt"},"content":{"rendered":"\t\t<div data-elementor-type=\"wp-page\" data-elementor-id=\"988722\" class=\"elementor elementor-988722 elementor-3\" data-elementor-post-type=\"page\">\n\t\t\t\t<div class=\"elementor-element elementor-element-30c6cd5 e-flex e-con-boxed e-con e-parent\" data-id=\"30c6cd5\" data-element_type=\"container\">\n\t\t\t\t\t<div class=\"e-con-inner\">\n\t\t<div class=\"elementor-element elementor-element-44f0fa2 e-con-full e-flex e-con e-child\" data-id=\"44f0fa2\" data-element_type=\"container\">\n\t\t\t\t<div class=\"elementor-element elementor-element-da2627d elementor-widget elementor-widget-heading\" data-id=\"da2627d\" data-element_type=\"widget\" data-widget_type=\"heading.default\">\n\t\t\t\t<div class=\"elementor-widget-container\">\n\t\t\t\t\t<h3 class=\"elementor-heading-title elementor-size-default\">Ch\u00fang t\u00f4i thu th\u1eadp nh\u1eefng th\u00f4ng tin n\u00e0o?<\/h3>\t\t\t\t<\/div>\n\t\t\t\t<\/div>\n\t\t\t\t<div class=\"elementor-element elementor-element-8d72be2 elementor-widget elementor-widget-text-editor\" data-id=\"8d72be2\" data-element_type=\"widget\" data-widget_type=\"text-editor.default\">\n\t\t\t\t<div class=\"elementor-widget-container\">\n\t\t\t\t\t\t\t\t\t<p>Khi qu\u00fd kh\u00e1ch t\u01b0\u01a1ng t\u00e1c v\u1edbi ch\u00fang t\u00f4i, ch\u00fang t\u00f4i c\u00f3 th\u1ec3 thu th\u1eadp t\u00ean, \u0111\u1ecba ch\u1ec9, (c\u00e1c) \u0111\u1ecba ch\u1ec9 email, (c\u00e1c) s\u1ed1 \u0111i\u1ec7n tho\u1ea1i v\u00e0 ng\u00e0y sinh c\u1ee7a qu\u00fd kh\u00e1ch n\u1ebfu ph\u00f9 h\u1ee3p.<\/p>\t\t\t\t\t\t\t\t<\/div>\n\t\t\t\t<\/div>\n\t\t\t\t<div class=\"elementor-element elementor-element-08b3a2b elementor-widget elementor-widget-heading\" data-id=\"08b3a2b\" data-element_type=\"widget\" data-widget_type=\"heading.default\">\n\t\t\t\t<div class=\"elementor-widget-container\">\n\t\t\t\t\t<h3 class=\"elementor-heading-title elementor-size-default\">Ch\u00fang t\u00f4i thu th\u1eadp th\u00f4ng tin b\u1eb1ng c\u00e1ch n\u00e0o?<\/h3>\t\t\t\t<\/div>\n\t\t\t\t<\/div>\n\t\t\t\t<div class=\"elementor-element elementor-element-f109c8e elementor-widget elementor-widget-text-editor\" data-id=\"f109c8e\" data-element_type=\"widget\" data-widget_type=\"text-editor.default\">\n\t\t\t\t<div class=\"elementor-widget-container\">\n\t\t\t\t\t\t\t\t\t<p>Ch\u00fang t\u00f4i c\u00f3 th\u1ec3 thu th\u1eadp th\u00f4ng tin v\u1ec1 qu\u00fd kh\u00e1ch b\u1ea5t c\u1ee9 khi n\u00e0o qu\u00fd kh\u00e1ch t\u01b0\u01a1ng t\u00e1c v\u1edbi ch\u00fang t\u00f4i. V\u00ed d\u1ee5: khi qu\u00fd kh\u00e1ch li\u00ean h\u1ec7 v\u1ec1 c\u00e1c ho\u1ea1t \u0111\u1ed9ng c\u1ee7a ch\u00fang t\u00f4i, \u0111\u0103ng k\u00fd l\u00e0m ng\u01b0\u1eddi \u1ee7ng h\u1ed9, g\u1eedi ho\u1eb7c nh\u1eadn th\u00f4ng tin ho\u1eb7c k\u00fd t\u00ean v\u00e0o m\u1ed9t b\u1ea3n ki\u1ebfn ngh\u1ecb, qu\u00fd kh\u00e1ch \u0111\u00e3 ch\u1ee7 \u0111\u1ed9ng v\u00e0 t\u1ef1 nguy\u1ec7n cung c\u1ea5p th\u00f4ng tin c\u00e1 nh\u00e2n cho ch\u00fang t\u00f4i. Ch\u00fang t\u00f4i c\u0169ng c\u00f3 th\u1ec3 nh\u1eadn \u0111\u01b0\u1ee3c th\u00f4ng tin v\u1ec1 qu\u00fd kh\u00e1ch t\u1eeb c\u00e1c b\u00ean th\u1ee9 ba \u2013 nh\u01b0ng ch\u1ec9 khi qu\u00fd kh\u00e1ch \u0111\u00e3 cho ph\u00e9p h\u1ecd chia s\u1ebb th\u00f4ng tin c\u1ee7a m\u00ecnh.  <\/p>\t\t\t\t\t\t\t\t<\/div>\n\t\t\t\t<\/div>\n\t\t\t\t<div class=\"elementor-element elementor-element-e08c843 elementor-widget elementor-widget-heading\" data-id=\"e08c843\" data-element_type=\"widget\" data-widget_type=\"heading.default\">\n\t\t\t\t<div class=\"elementor-widget-container\">\n\t\t\t\t\t<h3 class=\"elementor-heading-title elementor-size-default\">T\u00ednh b\u1ea3o m\u1eadt<\/h3>\t\t\t\t<\/div>\n\t\t\t\t<\/div>\n\t\t\t\t<div class=\"elementor-element elementor-element-66cdd8e elementor-widget elementor-widget-text-editor\" data-id=\"66cdd8e\" data-element_type=\"widget\" data-widget_type=\"text-editor.default\">\n\t\t\t\t<div class=\"elementor-widget-container\">\n\t\t\t\t\t\t\t\t\t<p>Ch\u00fang t\u00f4i s\u1ebd kh\u00f4ng ch\u1ecbu tr\u00e1ch nhi\u1ec7m v\u1ec1 quy\u1ec1n ri\u00eang t\u01b0 c\u1ee7a d\u1eef li\u1ec7u \u0111\u01b0\u1ee3c thu th\u1eadp b\u1edfi c\u00e1c trang web kh\u00f4ng thu\u1ed9c s\u1edf h\u1eefu ho\u1eb7c qu\u1ea3n l\u00fd c\u1ee7a Charity, bao g\u1ed3m c\u1ea3 nh\u1eefng trang web \u0111\u01b0\u1ee3c li\u00ean k\u1ebft th\u00f4ng qua trang web c\u1ee7a ch\u00fang t\u00f4i.<\/p>\t\t\t\t\t\t\t\t<\/div>\n\t\t\t\t<\/div>\n\t\t\t\t<div class=\"elementor-element elementor-element-6710d3c elementor-widget elementor-widget-heading\" data-id=\"6710d3c\" data-element_type=\"widget\" data-widget_type=\"heading.default\">\n\t\t\t\t<div class=\"elementor-widget-container\">\n\t\t\t\t\t<h3 class=\"elementor-heading-title elementor-size-default\">Khi\u1ebfu n\u1ea1i\n<\/h3>\t\t\t\t<\/div>\n\t\t\t\t<\/div>\n\t\t\t\t<div class=\"elementor-element elementor-element-ca66379 elementor-widget elementor-widget-text-editor\" data-id=\"ca66379\" data-element_type=\"widget\" data-widget_type=\"text-editor.default\">\n\t\t\t\t<div class=\"elementor-widget-container\">\n\t\t\t\t\t\t\t\t\t<p>N\u1ebfu qu\u00fd kh\u00e1ch kh\u00f4ng h\u00e0i l\u00f2ng v\u1edbi ph\u1ea3n h\u1ed3i, vui l\u00f2ng li\u00ean h\u1ec7 v\u1edbi ch\u00fang t\u00f4i t\u1ea1i eagle-elite@email.com k\u00e8m theo c\u00e1c chi ti\u1ebft gi\u1ea3i th\u00edch m\u1ed1i quan ng\u1ea1i c\u1ee7a qu\u00fd kh\u00e1ch. Ch\u00fang t\u00f4i s\u1ebd xem x\u00e9t khi\u1ebfu n\u1ea1i c\u1ee7a qu\u00fd kh\u00e1ch, \u0111i\u1ec1u tra xem c\u00e1c quy tr\u00ecnh ph\u00f9 h\u1ee3p \u0111\u00e3 \u0111\u01b0\u1ee3c tu\u00e2n th\u1ee7 hay ch\u01b0a v\u00e0 ph\u1ea3n h\u1ed3i l\u1ea1i qu\u00fd kh\u00e1ch m\u1ed9t c\u00e1ch th\u00edch \u0111\u00e1ng. Ch\u00fang t\u00f4i \u0111\u1eb7t m\u1ee5c ti\u00eau ho\u00e0n th\u00e0nh vi\u1ec7c \u0111i\u1ec1u tra n\u00e0y trong v\u00f2ng 15 ng\u00e0y l\u00e0m vi\u1ec7c k\u1ec3 t\u1eeb khi nh\u1eadn \u0111\u01b0\u1ee3c khi\u1ebfu n\u1ea1i c\u1ee7a qu\u00fd kh\u00e1ch, tuy nhi\u00ean, trong m\u1ed9t s\u1ed1 tr\u01b0\u1eddng h\u1ee3p c\u00f3 th\u1ec3 m\u1ea5t nhi\u1ec1u th\u1eddi gian h\u01a1n. N\u1ebfu qu\u00fd kh\u00e1ch v\u1eabn kh\u00f4ng h\u00e0i l\u00f2ng v\u1edbi ph\u1ea3n h\u1ed3i, qu\u00fd kh\u00e1ch c\u00f3 th\u1ec3 li\u00ean h\u1ec7 v\u1edbi ch\u00fang t\u00f4i.   <\/p>\t\t\t\t\t\t\t\t<\/div>\n\t\t\t\t<\/div>\n\t\t\t\t<\/div>\n\t\t\t\t\t<\/div>\n\t\t\t\t<\/div>\n\t\t\t\t<\/div>\n\t\t","protected":false},"excerpt":{"rendered":"<p>Ch\u00fang t\u00f4i thu th\u1eadp nh\u1eefng th\u00f4ng tin n\u00e0o? Khi qu\u00fd kh\u00e1ch t\u01b0\u01a1ng t\u00e1c v\u1edbi ch\u00fang t\u00f4i, ch\u00fang t\u00f4i c\u00f3 th\u1ec3 thu th\u1eadp t\u00ean, \u0111\u1ecba ch\u1ec9, (c\u00e1c) \u0111\u1ecba ch\u1ec9 email, (c\u00e1c) s\u1ed1 \u0111i\u1ec7n tho\u1ea1i v\u00e0 ng\u00e0y sinh c\u1ee7a qu\u00fd kh\u00e1ch n\u1ebfu ph\u00f9 h\u1ee3p. Ch\u00fang t\u00f4i thu th\u1eadp th\u00f4ng tin b\u1eb1ng c\u00e1ch n\u00e0o? Ch\u00fang t\u00f4i c\u00f3 th\u1ec3&#8230;<\/p>\n","protected":false},"author":1,"featured_media":0,"parent":0,"menu_order":0,"comment_status":"closed","ping_status":"closed","template":"","meta":{"footnotes":""},"class_list":["post-988722","page","type-page","status-publish","hentry"],"_links":{"self":[{"href":"https:\/\/quoxis.com\/vi\/wp-json\/wp\/v2\/pages\/988722","targetHints":{"allow":["GET"]}}],"collection":[{"href":"https:\/\/quoxis.com\/vi\/wp-json\/wp\/v2\/pages"}],"about":[{"href":"https:\/\/quoxis.com\/vi\/wp-json\/wp\/v2\/types\/page"}],"author":[{"embeddable":true,"href":"https:\/\/quoxis.com\/vi\/wp-json\/wp\/v2\/users\/1"}],"replies":[{"embeddable":true,"href":"https:\/\/quoxis.com\/vi\/wp-json\/wp\/v2\/comments?post=988722"}],"version-history":[{"count":1,"href":"https:\/\/quoxis.com\/vi\/wp-json\/wp\/v2\/pages\/988722\/revisions"}],"predecessor-version":[{"id":988723,"href":"https:\/\/quoxis.com\/vi\/wp-json\/wp\/v2\/pages\/988722\/revisions\/988723"}],"wp:attachment":[{"href":"https:\/\/quoxis.com\/vi\/wp-json\/wp\/v2\/media?parent=988722"}],"curies":[{"name":"wp","href":"https:\/\/api.w.org\/{rel}","templated":true}]}}